{"id":121,"date":"2024-08-04T16:17:35","date_gmt":"2024-08-04T16:17:35","guid":{"rendered":"https:\/\/louisekoefman-positivepsychology.name\/?page_id=121"},"modified":"2024-09-15T19:49:03","modified_gmt":"2024-09-15T19:49:03","slug":"testimonials","status":"publish","type":"page","link":"https:\/\/louisekoefman-positivepsychology.name\/testimonials\/","title":{"rendered":"T\u00e9moignages"},"content":{"rendered":"<p>B\u00e9atrice J.<\/p>\n<p>J&rsquo;ai \u00e9t\u00e9 suivie par madame Koefman \u00e0 une p\u00e9riode difficile. Ses qualit\u00e9s d&rsquo;\u00e9coute, sa patience et ses conseils en toute m&rsquo;ont aid\u00e9e \u00e0 surmonter ce moment. Un grand merci !<\/p>\n<p><em>&nbsp;<\/em><\/p>\n<p><em>Nick H .<\/em><\/p>\n<p>Louise Koefman est une personne tr\u00e8s empathique avec d&rsquo;excellentes capacit\u00e9s d&rsquo;\u00e9coute. Notre fils souffrait d&rsquo;une grave d\u00e9pression et elle nous a soutenu et nous a donn\u00e9 de bons conseils.<\/p>\n<p>&nbsp;<\/p>\n<p>Tatiana T.<\/p>\n<p>C&rsquo;est une personne formidable et une excellente sp\u00e9cialiste. Personne ne la quittera sans d\u00e9couvertes et sans r\u00e9sultats !<\/p>\n","protected":false},"excerpt":{"rendered":"<p>B\u00e9atrice J. J&rsquo;ai \u00e9t\u00e9 suivie par madame Koefman \u00e0 une p\u00e9riode difficile. Ses qualit\u00e9s d&rsquo;\u00e9coute, sa patience et ses conseils en toute m&rsquo;ont aid\u00e9e \u00e0 surmonter ce moment. Un grand merci ! &nbsp; Nick H . Louise Koefman est une personne tr\u00e8s empathique avec d&rsquo;excellentes capacit\u00e9s d&rsquo;\u00e9coute. Notre fils souffrait d&rsquo;une grave d\u00e9pression et elle [&hellip;]<\/p>\n","protected":false},"author":1,"featured_media":0,"parent":0,"menu_order":0,"comment_status":"closed","ping_status":"closed","template":"","meta":{"footnotes":""},"class_list":["post-121","page","type-page","status-publish","hentry"],"_links":{"self":[{"href":"https:\/\/louisekoefman-positivepsychology.name\/wp-json\/wp\/v2\/pages\/121","targetHints":{"allow":["GET"]}}],"collection":[{"href":"https:\/\/louisekoefman-positivepsychology.name\/wp-json\/wp\/v2\/pages"}],"about":[{"href":"https:\/\/louisekoefman-positivepsychology.name\/wp-json\/wp\/v2\/types\/page"}],"author":[{"embeddable":true,"href":"https:\/\/louisekoefman-positivepsychology.name\/wp-json\/wp\/v2\/users\/1"}],"replies":[{"embeddable":true,"href":"https:\/\/louisekoefman-positivepsychology.name\/wp-json\/wp\/v2\/comments?post=121"}],"version-history":[{"count":5,"href":"https:\/\/louisekoefman-positivepsychology.name\/wp-json\/wp\/v2\/pages\/121\/revisions"}],"predecessor-version":[{"id":165,"href":"https:\/\/louisekoefman-positivepsychology.name\/wp-json\/wp\/v2\/pages\/121\/revisions\/165"}],"wp:attachment":[{"href":"https:\/\/louisekoefman-positivepsychology.name\/wp-json\/wp\/v2\/media?parent=121"}],"curies":[{"name":"wp","href":"https:\/\/api.w.org\/{rel}","templated":true}]}}