{"id":8,"date":"2024-05-04T15:57:20","date_gmt":"2024-05-04T15:57:20","guid":{"rendered":"https:\/\/louisekoefman-positivepsychology.name\/?page_id=8"},"modified":"2025-06-01T16:28:30","modified_gmt":"2025-06-01T16:28:30","slug":"contact","status":"publish","type":"page","link":"https:\/\/louisekoefman-positivepsychology.name\/contact\/","title":{"rendered":"Contact"},"content":{"rendered":"<h1 class=\"wp-block-heading has-medium-font-size\"><strong>Consultations<\/strong>:<\/h1>\r\n<!-- \/wp:post-content -->\r\n\r\n<!-- wp:group {\"layout\":{\"type\":\"constrained\"}} -->\r\n<div class=\"wp-block-group\">\r\n\r\n<!-- wp:columns -->\r\n<div class=\"wp-block-columns\">\r\n\r\n<!-- wp:column {\"width\":\"100%\"} -->\r\n<div class=\"wp-block-column\" style=\"flex-basis: 100%;\">\r\n\r\n<!-- wp:group {\"layout\":{\"type\":\"flex\",\"orientation\":\"vertical\",\"justifyContent\":\"left\"}} -->\r\n<div class=\"wp-block-group\">\r\n\r\n<!-- wp:list -->\r\n<ul class=\"wp-block-list\">\r\n \t<li style=\"list-style-type: none;\">\r\n<ul class=\"wp-block-list\"><!-- wp:list-item {\"fontSize\":\"normal\"} -->\r\n \t<li class=\"has-normal-font-size\">Prendre rendez-vous: +33 6 79 88 30 03<\/li>\r\n<\/ul>\r\n<\/li>\r\n<\/ul>\r\n<!-- \/wp:list-item -->\r\n\r\n<!-- wp:list-item {\"fontSize\":\"normal\"} -->\r\n<ul class=\"wp-block-list\">\r\n \t<li style=\"list-style-type: none;\">\r\n<ul class=\"wp-block-list\">\r\n \t<li class=\"has-normal-font-size\">email: koefmanlouise@gmail.com<\/li>\r\n<\/ul>\r\n<\/li>\r\n<\/ul>\r\n<!-- \/wp:list-item -->\r\n\r\n<!-- \/wp:list -->\r\n\r\n<\/div>\r\n<!-- \/wp:group -->\r\n\r\n<\/div>\r\n<!-- \/wp:column -->\r\n\r\n<\/div>\r\n<!-- \/wp:columns -->\r\n\r\n<\/div>\r\n<!-- \/wp:group -->\r\n\r\n<!-- wp:paragraph -->\r\n\r\n<!-- \/wp:paragraph -->\r\n\r\n<!-- wp:paragraph -->\r\n\r\n<!-- \/wp:paragraph -->\r\n\r\n<!-- wp:heading {\"level\":1,\"fontSize\":\"medium\"} -->\r\n<h1 class=\"wp-block-heading has-medium-font-size\"><strong>Quand<\/strong>:<\/h1>\r\n<!-- \/wp:heading -->\r\n\r\n<!-- wp:group {\"layout\":{\"type\":\"constrained\"}} -->\r\n<div class=\"wp-block-group\">\r\n\r\n<!-- wp:columns -->\r\n<div class=\"wp-block-columns\">\r\n\r\n<!-- wp:column {\"width\":\"100%\"} -->\r\n<div class=\"wp-block-column\" style=\"flex-basis: 100%;\">\r\n\r\n<!-- wp:group {\"layout\":{\"type\":\"flex\",\"orientation\":\"vertical\",\"justifyContent\":\"left\"}} -->\r\n<div class=\"wp-block-group\">\r\n\r\n<!-- wp:list -->\r\n<ul class=\"wp-block-list\">\r\n \t<li style=\"list-style-type: none;\">\r\n<ul class=\"wp-block-list\"><!-- wp:list-item {\"fontSize\":\"normal\"} -->\r\n \t<li class=\"has-normal-font-size\">Mercredis et Samedis: de 8h00 \u00e0 17h<\/li>\r\n<\/ul>\r\n<\/li>\r\n<\/ul>\r\n<!-- \/wp:list-item -->\r\n\r\n<!-- wp:list-item {\"fontSize\":\"normal\"} -->\r\n<ul class=\"wp-block-list\">\r\n \t<li style=\"list-style-type: none;\">\r\n<ul class=\"wp-block-list\">\r\n \t<li class=\"has-normal-font-size\">Les Lundis, Mardis et Jeudis: de 8h00 \u00e0 11h et de 19h00 \u00e0 20h00<\/li>\r\n<\/ul>\r\n<\/li>\r\n<\/ul>\r\n<!-- \/wp:list-item -->\r\n\r\n<!-- \/wp:list -->\r\n\r\n<\/div>\r\n<!-- \/wp:group -->\r\n\r\n<\/div>\r\n<!-- \/wp:column -->\r\n\r\n<\/div>\r\n<!-- \/wp:columns -->\r\n\r\n<\/div>\r\n<!-- \/wp:group -->\r\n\r\n<!-- wp:paragraph -->\r\n\r\n<!-- \/wp:paragraph -->\r\n\r\n<!-- wp:paragraph -->\r\n\r\n<!-- \/wp:paragraph -->\r\n\r\n<!-- wp:heading {\"level\":1,\"fontSize\":\"medium\"} -->\r\n<h1 class=\"wp-block-heading has-medium-font-size\"><strong>Adresse<\/strong><\/h1>\r\nMaurepas, 78310\r\nFrance\r\nSi \u00e7a vous convient mieux, <strong>organisons une s\u00e9ance en ligne<\/strong>.\r\n\r\n<!-- \/wp:heading -->\r\n\r\n<!-- wp:paragraph {\"fontSize\":\"normal\"} -->\r\n\r\n<!-- \/wp:paragraph -->\r\n\r\n<!-- wp:group {\"layout\":{\"type\":\"constrained\"}} -->\r\n<div class=\"wp-block-group\">\r\n\r\n<!-- wp:columns -->\r\n<div class=\"wp-block-columns\">\r\n\r\n<!-- wp:column {\"width\":\"100%\"} -->\r\n<div class=\"wp-block-column\" style=\"flex-basis: 100%;\">\r\n\r\n<!-- wp:group {\"layout\":{\"type\":\"flex\",\"orientation\":\"vertical\",\"justifyContent\":\"left\"}} -->\r\n<div class=\"wp-block-group\">\r\n\r\n<!-- wp:list -->\r\n\r\n<!-- \/wp:list -->\r\n\r\n<\/div>\r\n<!-- \/wp:group -->\r\n\r\n<\/div>\r\n<!-- \/wp:column -->\r\n\r\n<\/div>\r\n<!-- \/wp:columns -->\r\n\r\n<\/div>\r\n<!-- \/wp:group -->\r\n\r\n<!-- wp:paragraph -->\r\n\r\n<!-- \/wp:paragraph -->\r\n\r\n<!-- wp:paragraph -->\r\n\r\n<!-- \/wp:paragraph -->\r\n\r\n","protected":false},"excerpt":{"rendered":"<p>Consultations: Prendre rendez-vous: +33 6 79 88 30 03 email: koefmanlouise@gmail.com Quand: Mercredis et Samedis: de 8h00 \u00e0 17h Les Lundis, Mardis et Jeudis: de 8h00 \u00e0 11h et de 19h00 \u00e0 20h00 Adresse Maurepas, 78310 France Si \u00e7a vous convient mieux, organisons une s\u00e9ance en ligne.<\/p>\n","protected":false},"author":1,"featured_media":0,"parent":0,"menu_order":0,"comment_status":"closed","ping_status":"closed","template":"","meta":{"footnotes":""},"class_list":["post-8","page","type-page","status-publish","hentry"],"_links":{"self":[{"href":"https:\/\/louisekoefman-positivepsychology.name\/wp-json\/wp\/v2\/pages\/8","targetHints":{"allow":["GET"]}}],"collection":[{"href":"https:\/\/louisekoefman-positivepsychology.name\/wp-json\/wp\/v2\/pages"}],"about":[{"href":"https:\/\/louisekoefman-positivepsychology.name\/wp-json\/wp\/v2\/types\/page"}],"author":[{"embeddable":true,"href":"https:\/\/louisekoefman-positivepsychology.name\/wp-json\/wp\/v2\/users\/1"}],"replies":[{"embeddable":true,"href":"https:\/\/louisekoefman-positivepsychology.name\/wp-json\/wp\/v2\/comments?post=8"}],"version-history":[{"count":5,"href":"https:\/\/louisekoefman-positivepsychology.name\/wp-json\/wp\/v2\/pages\/8\/revisions"}],"predecessor-version":[{"id":289,"href":"https:\/\/louisekoefman-positivepsychology.name\/wp-json\/wp\/v2\/pages\/8\/revisions\/289"}],"wp:attachment":[{"href":"https:\/\/louisekoefman-positivepsychology.name\/wp-json\/wp\/v2\/media?parent=8"}],"curies":[{"name":"wp","href":"https:\/\/api.w.org\/{rel}","templated":true}]}}